{"id":82,"date":"2023-02-17T16:31:24","date_gmt":"2023-02-17T16:31:24","guid":{"rendered":"https:\/\/poka-yoke.com.mx\/?page_id=82"},"modified":"2023-04-19T03:20:07","modified_gmt":"2023-04-19T03:20:07","slug":"servicios","status":"publish","type":"page","link":"https:\/\/poka-yoke.mx\/index.php\/servicios\/","title":{"rendered":"Servicios"},"content":{"rendered":"<h1 style=\"\"><strong>Servicios<\/strong><\/h1>\n<h1 style=\"\"><strong><span data-colors=\"\" data-highlight=\"1\" data-speed=\"1390\" data-typist=\"Mejora de Procesos|Definici\u00f3n de Indicadores de desempe\u00f1o (KPI\u2019s)|Capacitaci\u00f3n en Mejora Continua\" style=\"\">Planeaci\u00f3n Estrat\u00e9gica y establecimiento de Objetivos<\/span><\/strong><\/h1>\n<p style=\"\"><span style=\"background-color: var(cd610);\">Servicios<\/span><\/p>\n<h2 style=\"text-align: center;\">Planeaci\u00f3n Estrat\u00e9gica y establecimiento de Objetivos<\/h2>\n<p style=\"\">Nuestro programa d\u00e1 soporte y gu\u00eda a los Ejecutivos para establecer los Objetivos de la Organizaci\u00f3n, se analiza el entorno junto con sus amenazas, tanto internas como externas y proporciona la secuencia de actividades cr\u00edticas para el logro de resultados. &nbsp;Comunica y vincula a todos los colaboradres para una \u00f3ptima ejecuci\u00f3n de la estrategia generando c\u00edrculos de retroalimentaci\u00f3n para la evaluaci\u00f3n del desempe\u00f1o deseado. Esta planificaci\u00f3n es el proceso m\u00e1s importante ya que define la ruta cr\u00edtica a mediano y largo plazo dando direcci\u00f3n y prop\u00f3sito a los &nbsp;diferentes Equipos de Trabajo, incluye:<\/p>\n<ul>\n<li><span style=\"\">An\u00e1lisis del Entorno: La voz del cliente: entorno, preferencias y oportunidades.<\/span><\/li>\n<li><span style=\"\">Visi\u00f3n y Valores Organizacionales.<\/span><\/li>\n<li><span style=\"\">Definici\u00f3n de Objetivos de Negocio a mediano y largo plazo.<\/span><\/li>\n<li><span style=\"\">Gesti\u00f3n Organizacional con enfoque sist\u00e9mico de procesos (Identificaci\u00f3n de procesos clave).<\/span><\/li>\n<li><span style=\"\">Monitoreo del Desempe\u00f1o.<\/span><\/li>\n<\/ul>\n<p style=\"\"><span style=\"background-color: var(cd610);\">Servicios<\/span><\/p>\n<h1 style=\"text-align: center;\"><strong><span data-colors=\"\" data-highlight=\"1\" data-speed=\"2840\" data-typist=\"Mejora de Procesos\" style=\"\">M<\/span><\/strong><\/h1>\n<p style=\"\">Programa con un consultor de Mejora Continua para la creaci\u00f3n, mapeo y mejora de procesos de nuestros clientes, se realiza un diagn\u00f3stico a profundidad para determinar el nivel de Nivel de Madurez de la Organizaci\u00f3n en Gesti\u00f3n de Procesos, se integra un plan de acci\u00f3n que organiza y provee de visibilidad de los flujos de trabajo con sus distintas interacciones.<\/p>\n<ul>\n<li><span style=\"\">Identificaci\u00f3n de macroprocesos y subprocesos clave.<\/span><\/li>\n<li><span style=\"\">Detecci\u00f3n de actividades de no valor agregado.<\/span><\/li>\n<li><span style=\"\">Visualizaci\u00f3n y cuantificaci\u00f3n de tiempos de entrega y de ejecuci\u00f3n.<\/span><\/li>\n<li><span style=\"\">Optimizaci\u00f3n y estandarizaci\u00f3n de procedimientos.<\/span><\/li>\n<li><span style=\"\">Aplicaci\u00f3n de herramientas de Mejora Continua y Gesti\u00f3n de Proyectos.<\/span><\/li>\n<li><span style=\"\">Identificaci\u00f3n de criterios de \u00e9xito para la creaci\u00f3n del Estado Futuro.<\/span><\/li>\n<\/ul>\n<p style=\"\"><span style=\"background-color: var(cd610);\">Servicios<\/span><\/p>\n<h1 style=\"text-align: center;\"><strong><span data-colors=\"\" data-highlight=\"1\" data-speed=\"6820\" data-typist=\"Indicadores de desempe\u00f1o (KPI\u2019s)\" style=\"\">I<\/span><\/strong><\/h1>\n<p style=\"\">Definici\u00f3n de Indicadores de desempe\u00f1o (KPI\u2019s): &nbsp;Desarrolla las m\u00e9tricas que te permitan medir y controlar el desempe\u00f1o de tu Organizaci\u00f3n, monitorea los objetivos y genera los planes de acci\u00f3n con base en datos y hechos. &nbsp;El taller incluye:<\/p>\n<p><span><img decoding=\"async\" alt=\"\" data-id=\"313\" width=\"584\" data-init-width=\"800\" height=\"534\" data-init-height=\"534\" title=\"planeacion-estrategica\" loading=\"lazy\" src=\"https:\/\/poka-yoke.com.mx\/wp-content\/uploads\/2023\/03\/planeacion-estrategica.webp\" data-width=\"584\" style=\"\"><\/span><\/p>\n<ul>\n<li><span style=\"\">Identificaci\u00f3n de M\u00e9tricas primarias y de soporte.<\/span><\/li>\n<li><span style=\"\">Integraci\u00f3n de un tablero de control (Scorecard) para monitoreo con l\u00edderes de Equipos.<\/span><\/li>\n<li><span style=\"\">Recomendaciones para un Sistema de Gesti\u00f3n del Desempe\u00f1o (juntas efectivas de seguimiento).<\/span><\/li>\n<\/ul>\n<p style=\"\"><span style=\"background-color: var(cd610);\">Servicios<\/span><\/p>\n<h1 style=\"text-align: center;\"><strong><span data-colors=\"\" data-highlight=\"1\" data-speed=\"3710\" data-typist=\"Mejora Continua\" style=\"\">M<\/span><\/strong><\/h1>\n<p style=\"\">Capacitaci\u00f3n en Mejora Continua: Ayudamos y proveemos gu\u00eda para que las Organizaciones desarrollen e integren a su d\u00eda a d\u00eda habilidades para generar una cultura del Cambio, con una mentalidad que fomenta a los equipos a salir del \u00e1rea de confort con herramientas \u00e1giles y concretas que transforman las formas de trabajo, algunos de nuestros programas son:<\/p>\n<p><span><img decoding=\"async\" alt=\"\" data-id=\"319\" width=\"592\" data-init-width=\"800\" height=\"534\" data-init-height=\"534\" title=\"equipo-de-trabajo\" loading=\"lazy\" src=\"https:\/\/poka-yoke.com.mx\/wp-content\/uploads\/2023\/03\/equipo-de-trabajo.webp\" data-width=\"592\" style=\"\"><\/span><\/p>\n<ul>\n<li><span style=\"\">Programa de Implementaci\u00f3n de Mejora Continua en las organizaciones (Estructura organizacional y Habilidades blandas).<\/span><\/li>\n<li><span>L\u00edder Kaizen: Habilidades y comportamientos para conducir Equipos hacia la Mejora Continua.<\/span><\/li>\n<li><span>5\u00b4S: Entrenamiento y puesta en marcha.<\/span><\/li>\n<\/ul>\n","protected":false},"excerpt":{"rendered":"<p>Servicios Planeaci\u00f3n Estrat\u00e9gica y establecimiento de Objetivos Servicios Planeaci\u00f3n Estrat\u00e9gica y establecimiento de Objetivos Nuestro programa d\u00e1 soporte y gu\u00eda a los Ejecutivos para establecer los Objetivos de la Organizaci\u00f3n, se analiza el entorno junto con sus amenazas, tanto internas como externas y proporciona la secuencia de actividades cr\u00edticas para el logro de resultados. &nbsp;Comunica [&hellip;]<\/p>\n","protected":false},"author":1,"featured_media":0,"parent":0,"menu_order":0,"comment_status":"closed","ping_status":"closed","template":"","meta":{"footnotes":""},"class_list":["post-82","page","type-page","status-publish","hentry","post-wrapper","thrv_wrapper"],"yoast_head":"<!-- This site is optimized with the Yoast SEO plugin v25.2 - https:\/\/yoast.com\/wordpress\/plugins\/seo\/ -->\n<title>Servicios - PokaYoke<\/title>\n<meta name=\"robots\" content=\"index, follow, max-snippet:-1, max-image-preview:large, max-video-preview:-1\" \/>\n<link rel=\"canonical\" href=\"https:\/\/poka-yoke.mx\/index.php\/servicios\/\" \/>\n<meta property=\"og:locale\" content=\"en_US\" \/>\n<meta property=\"og:type\" content=\"article\" \/>\n<meta property=\"og:title\" content=\"Servicios - PokaYoke\" \/>\n<meta property=\"og:description\" content=\"Servicios Planeaci\u00f3n Estrat\u00e9gica y establecimiento de Objetivos Servicios Planeaci\u00f3n Estrat\u00e9gica y establecimiento de Objetivos Nuestro programa d\u00e1 soporte y gu\u00eda a los Ejecutivos para establecer los Objetivos de la Organizaci\u00f3n, se analiza el entorno junto con sus amenazas, tanto internas como externas y proporciona la secuencia de actividades cr\u00edticas para el logro de resultados. &nbsp;Comunica [&hellip;]\" \/>\n<meta property=\"og:url\" content=\"https:\/\/poka-yoke.mx\/index.php\/servicios\/\" \/>\n<meta property=\"og:site_name\" content=\"PokaYoke\" \/>\n<meta property=\"article:modified_time\" content=\"2023-04-19T03:20:07+00:00\" \/>\n<meta property=\"og:image\" content=\"https:\/\/poka-yoke.com.mx\/wp-content\/uploads\/2023\/03\/planeacion-estrategica.webp\" \/>\n<meta name=\"twitter:card\" content=\"summary_large_image\" \/>\n<meta name=\"twitter:label1\" content=\"Est. reading time\" \/>\n\t<meta name=\"twitter:data1\" content=\"2 minutes\" \/>\n<script type=\"application\/ld+json\" class=\"yoast-schema-graph\">{\"@context\":\"https:\/\/schema.org\",\"@graph\":[{\"@type\":\"WebPage\",\"@id\":\"https:\/\/poka-yoke.mx\/index.php\/servicios\/\",\"url\":\"https:\/\/poka-yoke.mx\/index.php\/servicios\/\",\"name\":\"Servicios - PokaYoke\",\"isPartOf\":{\"@id\":\"https:\/\/poka-yoke.mx\/#website\"},\"primaryImageOfPage\":{\"@id\":\"https:\/\/poka-yoke.mx\/index.php\/servicios\/#primaryimage\"},\"image\":{\"@id\":\"https:\/\/poka-yoke.mx\/index.php\/servicios\/#primaryimage\"},\"thumbnailUrl\":\"https:\/\/poka-yoke.com.mx\/wp-content\/uploads\/2023\/03\/planeacion-estrategica.webp\",\"datePublished\":\"2023-02-17T16:31:24+00:00\",\"dateModified\":\"2023-04-19T03:20:07+00:00\",\"breadcrumb\":{\"@id\":\"https:\/\/poka-yoke.mx\/index.php\/servicios\/#breadcrumb\"},\"inLanguage\":\"en-US\",\"potentialAction\":[{\"@type\":\"ReadAction\",\"target\":[\"https:\/\/poka-yoke.mx\/index.php\/servicios\/\"]}]},{\"@type\":\"ImageObject\",\"inLanguage\":\"en-US\",\"@id\":\"https:\/\/poka-yoke.mx\/index.php\/servicios\/#primaryimage\",\"url\":\"https:\/\/poka-yoke.com.mx\/wp-content\/uploads\/2023\/03\/planeacion-estrategica.webp\",\"contentUrl\":\"https:\/\/poka-yoke.com.mx\/wp-content\/uploads\/2023\/03\/planeacion-estrategica.webp\"},{\"@type\":\"BreadcrumbList\",\"@id\":\"https:\/\/poka-yoke.mx\/index.php\/servicios\/#breadcrumb\",\"itemListElement\":[{\"@type\":\"ListItem\",\"position\":1,\"name\":\"Home\",\"item\":\"https:\/\/poka-yoke.mx\/\"},{\"@type\":\"ListItem\",\"position\":2,\"name\":\"Servicios\"}]},{\"@type\":\"WebSite\",\"@id\":\"https:\/\/poka-yoke.mx\/#website\",\"url\":\"https:\/\/poka-yoke.mx\/\",\"name\":\"PokaYoke\",\"description\":\"\",\"potentialAction\":[{\"@type\":\"SearchAction\",\"target\":{\"@type\":\"EntryPoint\",\"urlTemplate\":\"https:\/\/poka-yoke.mx\/?s={search_term_string}\"},\"query-input\":{\"@type\":\"PropertyValueSpecification\",\"valueRequired\":true,\"valueName\":\"search_term_string\"}}],\"inLanguage\":\"en-US\"}]}<\/script>\n<!-- \/ Yoast SEO plugin. -->","yoast_head_json":{"title":"Servicios - PokaYoke","robots":{"index":"index","follow":"follow","max-snippet":"max-snippet:-1","max-image-preview":"max-image-preview:large","max-video-preview":"max-video-preview:-1"},"canonical":"https:\/\/poka-yoke.mx\/index.php\/servicios\/","og_locale":"en_US","og_type":"article","og_title":"Servicios - PokaYoke","og_description":"Servicios Planeaci\u00f3n Estrat\u00e9gica y establecimiento de Objetivos Servicios Planeaci\u00f3n Estrat\u00e9gica y establecimiento de Objetivos Nuestro programa d\u00e1 soporte y gu\u00eda a los Ejecutivos para establecer los Objetivos de la Organizaci\u00f3n, se analiza el entorno junto con sus amenazas, tanto internas como externas y proporciona la secuencia de actividades cr\u00edticas para el logro de resultados. &nbsp;Comunica [&hellip;]","og_url":"https:\/\/poka-yoke.mx\/index.php\/servicios\/","og_site_name":"PokaYoke","article_modified_time":"2023-04-19T03:20:07+00:00","og_image":[{"url":"https:\/\/poka-yoke.com.mx\/wp-content\/uploads\/2023\/03\/planeacion-estrategica.webp","type":"","width":"","height":""}],"twitter_card":"summary_large_image","twitter_misc":{"Est. reading time":"2 minutes"},"schema":{"@context":"https:\/\/schema.org","@graph":[{"@type":"WebPage","@id":"https:\/\/poka-yoke.mx\/index.php\/servicios\/","url":"https:\/\/poka-yoke.mx\/index.php\/servicios\/","name":"Servicios - PokaYoke","isPartOf":{"@id":"https:\/\/poka-yoke.mx\/#website"},"primaryImageOfPage":{"@id":"https:\/\/poka-yoke.mx\/index.php\/servicios\/#primaryimage"},"image":{"@id":"https:\/\/poka-yoke.mx\/index.php\/servicios\/#primaryimage"},"thumbnailUrl":"https:\/\/poka-yoke.com.mx\/wp-content\/uploads\/2023\/03\/planeacion-estrategica.webp","datePublished":"2023-02-17T16:31:24+00:00","dateModified":"2023-04-19T03:20:07+00:00","breadcrumb":{"@id":"https:\/\/poka-yoke.mx\/index.php\/servicios\/#breadcrumb"},"inLanguage":"en-US","potentialAction":[{"@type":"ReadAction","target":["https:\/\/poka-yoke.mx\/index.php\/servicios\/"]}]},{"@type":"ImageObject","inLanguage":"en-US","@id":"https:\/\/poka-yoke.mx\/index.php\/servicios\/#primaryimage","url":"https:\/\/poka-yoke.com.mx\/wp-content\/uploads\/2023\/03\/planeacion-estrategica.webp","contentUrl":"https:\/\/poka-yoke.com.mx\/wp-content\/uploads\/2023\/03\/planeacion-estrategica.webp"},{"@type":"BreadcrumbList","@id":"https:\/\/poka-yoke.mx\/index.php\/servicios\/#breadcrumb","itemListElement":[{"@type":"ListItem","position":1,"name":"Home","item":"https:\/\/poka-yoke.mx\/"},{"@type":"ListItem","position":2,"name":"Servicios"}]},{"@type":"WebSite","@id":"https:\/\/poka-yoke.mx\/#website","url":"https:\/\/poka-yoke.mx\/","name":"PokaYoke","description":"","potentialAction":[{"@type":"SearchAction","target":{"@type":"EntryPoint","urlTemplate":"https:\/\/poka-yoke.mx\/?s={search_term_string}"},"query-input":{"@type":"PropertyValueSpecification","valueRequired":true,"valueName":"search_term_string"}}],"inLanguage":"en-US"}]}},"_links":{"self":[{"href":"https:\/\/poka-yoke.mx\/index.php\/wp-json\/wp\/v2\/pages\/82","targetHints":{"allow":["GET"]}}],"collection":[{"href":"https:\/\/poka-yoke.mx\/index.php\/wp-json\/wp\/v2\/pages"}],"about":[{"href":"https:\/\/poka-yoke.mx\/index.php\/wp-json\/wp\/v2\/types\/page"}],"author":[{"embeddable":true,"href":"https:\/\/poka-yoke.mx\/index.php\/wp-json\/wp\/v2\/users\/1"}],"replies":[{"embeddable":true,"href":"https:\/\/poka-yoke.mx\/index.php\/wp-json\/wp\/v2\/comments?post=82"}],"version-history":[{"count":156,"href":"https:\/\/poka-yoke.mx\/index.php\/wp-json\/wp\/v2\/pages\/82\/revisions"}],"predecessor-version":[{"id":523,"href":"https:\/\/poka-yoke.mx\/index.php\/wp-json\/wp\/v2\/pages\/82\/revisions\/523"}],"wp:attachment":[{"href":"https:\/\/poka-yoke.mx\/index.php\/wp-json\/wp\/v2\/media?parent=82"}],"curies":[{"name":"wp","href":"https:\/\/api.w.org\/{rel}","templated":true}]}}