{"id":364,"date":"2023-04-12T03:17:11","date_gmt":"2023-04-12T03:17:11","guid":{"rendered":"https:\/\/poka-yoke.com.mx\/?page_id=364"},"modified":"2025-06-04T16:50:36","modified_gmt":"2025-06-04T16:50:36","slug":"home-final","status":"publish","type":"page","link":"https:\/\/poka-yoke.mx\/","title":{"rendered":"Home"},"content":{"rendered":"<p style=\"\"><strong>Optimizamos tus procesos:<\/strong><\/p>\n<h1 style=\"\"><span data-typist=\"Alineado a tus objetivos de empresa|Implementando soluciones hechas a tu medida|Con un enfoque estrat\u00e9gico y visibilidad E2E\" data-speed=\"920\" data-highlight=\"1\" data-colors=\"\">Con una visi\u00f3n humana<\/span><\/h1>\n<p><span><a href=\"https:\/\/poka-yoke.com.mx\/wp-content\/uploads\/2023\/04\/Poka-Yoke-logo-vertical-blanco-.svg\"><img decoding=\"async\" alt=\"\" data-id=\"407\" width=\"77\" data-init-width=\"103.4\" height=\"144\" data-init-height=\"144\" title=\"-Poka-Yoke-logo-vertical-blanco-\" loading=\"lazy\" src=\"https:\/\/poka-yoke.com.mx\/wp-content\/uploads\/2023\/04\/Poka-Yoke-logo-vertical-blanco-.svg\" data-width=\"77\" style=\"aspect-ratio: auto 103 \/ 144;\" data-link-wrap=\"true\"><\/a><\/span><\/p>\n<p style=\"text-align: justify;\"><span style=\"\">\u201cAcompa\u00f1ar a nuestros clientes a transformar y mejorar sus formas de trabajo, implementando cambios simples y significativos que ayuden a mejorar su d\u00eda a d\u00eda\u201d.<\/span><\/p>\n<h4 style=\"\"><strong>Resolvemos los problemas de tu compa\u00f1\u00eda<\/strong><\/h4>\n<p style=\"\">con planeaci\u00f3n estrat\u00e9gica y de procesos, por medio de soluciones simples y sostenibles.<\/p>\n<h4 style=\"\"><strong>Con experiencia en los sectores de servicio, manufactura y startups<\/strong><\/h4>\n<p style=\"\">Hemos reducido costos al implementar mejora continua. Utilizamos varias t\u00e9cnicas como el mapeo de procesos con est\u00e1ndares six sigma, entre otros que identificamos adecuados para la cultura en M\u00e9xico.<\/p>\n<h4 style=\"\"><strong>Mejora Continua en procesos clave<\/strong><\/h4>\n<p>Si tienes a tu cargo una empresa que busca adoptar herramientas de Mejora Continua en procesos clave, tanto estrat\u00e9gicos como operativos, te podemos ayudar.<\/p>\n<p style=\"text-align: center;\">Algunos de nuestros servicios son:<\/p>\n<p><a href=\"https:\/\/poka-yoke.com.mx\/index.php\/servicios\/#planeacionEstrategica\"><span><img decoding=\"async\" alt=\"\" data-id=\"426\" width=\"100\" data-init-width=\"144\" height=\"144\" data-init-height=\"144\" title=\"iconos-poka-yoke-01\" loading=\"lazy\" src=\"https:\/\/poka-yoke.com.mx\/wp-content\/uploads\/2023\/04\/iconos-poka-yoke-01.svg\" data-link-wrap=\"true\" data-width=\"100\" style=\"aspect-ratio: auto 144 \/ 144;\"><\/span><\/p>\n<p style=\"text-align: center;\">Planeaci\u00f3n Estrat\u00e9gica y establecimiento de Objetivos.<\/p>\n<p><\/a><a href=\"https:\/\/poka-yoke.com.mx\/index.php\/servicios\/#mejoraProcesos\"><span><img decoding=\"async\" alt=\"\" data-id=\"425\" width=\"100\" data-init-width=\"144\" height=\"144\" data-init-height=\"144\" title=\"iconos-poka-yoke-02\" loading=\"lazy\" src=\"https:\/\/poka-yoke.com.mx\/wp-content\/uploads\/2023\/04\/iconos-poka-yoke-02.svg\" data-link-wrap=\"true\" data-width=\"100\" style=\"aspect-ratio: auto 144 \/ 144;\"><\/span><\/p>\n<p style=\"text-align: center;\">Mejora de procesos.<\/p>\n<p><\/a><a href=\"https:\/\/poka-yoke.com.mx\/index.php\/servicios\/#indicadores\"><span><img decoding=\"async\" alt=\"\" data-id=\"424\" width=\"100\" data-init-width=\"144\" height=\"144\" data-init-height=\"144\" title=\"iconos-poka-yoke-03\" loading=\"lazy\" src=\"https:\/\/poka-yoke.com.mx\/wp-content\/uploads\/2023\/04\/iconos-poka-yoke-03.svg\" data-link-wrap=\"true\" data-width=\"100\" style=\"aspect-ratio: auto 144 \/ 144;\"><\/span><\/p>\n<p style=\"text-align: center;\">Definici\u00f3n de Indicadores de desempe\u00f1o (KPI\u2019s).<\/p>\n<p><\/a><a href=\"https:\/\/poka-yoke.com.mx\/index.php\/servicios\/#mejoraContinua\"><span><img decoding=\"async\" alt=\"\" data-id=\"423\" width=\"100\" data-init-width=\"144\" height=\"144\" data-init-height=\"144\" title=\"iconos-poka-yoke-04\" loading=\"lazy\" src=\"https:\/\/poka-yoke.com.mx\/wp-content\/uploads\/2023\/04\/iconos-poka-yoke-04.svg\" data-link-wrap=\"true\" data-width=\"100\" style=\"aspect-ratio: auto 144 \/ 144;\"><\/span><\/p>\n<p style=\"text-align: center;\">Capacitaci\u00f3n en Mejora Continua.<\/p>\n<p><\/a><\/p>\n<h2 style=\"\">C\u00f3mo lo hacemos<\/h2>\n<p style=\"text-align: justify;\">\u201cNuestra f\u00f3rmula: escuchar e identificar las necesidades del cliente con un diagn\u00f3stico exhaustivo y un plan de acci\u00f3n concreto.\u201d \u201cOtros consultores no le dedican suficiente atenci\u00f3n al diagn\u00f3stico. Para nosotros, es la parte m\u00e1s importante.\u201d<\/p>\n<p style=\"text-align: center;\">&#8220;Nuestra metodolog\u00eda se adapta a tu empresa. Somos tu gu\u00eda hasta la implementaci\u00f3n&#8221;<\/p>\n<p style=\"\">01<\/p>\n<p style=\"\"><strong>Te escuchamos<\/strong><\/p>\n<p style=\"text-align: justify;\"><strong>Y no solo te escuchamos, sino que escuchamos a tus colaboradores y equipos de trabajo para identificar las oportunidades sobre las que trabajaremos.<\/strong><\/p>\n<p style=\"\">02<\/p>\n<p style=\"\"><strong><strong>Planeamos con metas<\/strong><\/strong><\/p>\n<p style=\"text-align: justify;\"><strong>Dise\u00f1amos y coordinamos una ruta de trabajo alineada a lo que quieras lograr, con actividades concretas y realistas.<\/strong><\/p>\n<p style=\"\">03<\/p>\n<p style=\"\"><strong><strong>Implementamos juntos<\/strong><\/strong><\/p>\n<p style=\"text-align: justify;\"><strong>Los acompa\u00f1amos a ejecutar los cambios para convertirlos en generadores de cambio en una cultura de Mejora Continua.<\/strong><\/p>\n<p><span><img decoding=\"async\" alt=\"\" data-id=\"455\" width=\"442\" data-init-width=\"1000\" height=\"953\" data-init-height=\"953\" title=\"rueda-poka-yoke\" loading=\"lazy\" src=\"https:\/\/poka-yoke.com.mx\/wp-content\/uploads\/2023\/04\/rueda-poka-yoke.webp\" data-width=\"442\" style=\"aspect-ratio: auto 1000 \/ 953;\"><\/span><\/p>\n<h2 style=\"\">Qu\u00e9 nos hace diferentes<\/h2>\n<p style=\"text-align: justify;\">En POKA YOKE nos inspiramos en la metodolog\u00eda Hoshin Kanri y BPM (Business Process Management) con herramientas como Six Sigma, Lean y Gesti\u00f3n de Proyectos, entre otras. Sin embargo, la experiencia nos ha indicado que las herramientas t\u00e9cnicas son igual de importantes que las humanas. Por eso, nuestro modelo integra los siguientes valores:<\/p>\n<h6>Colaboramos contigo:<\/h6>\n<p style=\"\">Tenemos una perspectiva multidisciplinaria, con la que consideramos la experiencia y conocimiento de tus colaboradores para encontrar nuevas oportunidades para impulsar el cambio dentro de tu empresa.<\/p>\n<h6 style=\"\">Creamos juntos:<\/h6>\n<p style=\"\">Retamos el statu quo, gracias a que vemos los problemas desde varios \u00e1ngulos.<\/p>\n<h6 style=\"\">Lo ponemos simple:<\/h6>\n<p style=\"\">Solo nos interesan las actividades que te generen valor.<\/p>\n<h6 style=\"\">Aprendemos continuamente:<\/h6>\n<p style=\"\">Adquirimos nuevas habilidades y conocimientos que ayuden a tu empresa.<\/p>\n<h6 style=\"\">Nos comunicamos contigo:<\/h6>\n<p style=\"\">Generamos un espacio para escuchar cada voz dentro de tu organizaci\u00f3n.<\/p>\n<h6 style=\"\">Somos flexibles:<\/h6>\n<p style=\"\">Aprendemos de los errores siempre teniendo en mente los objetivos de tu compa\u00f1\u00eda.<\/p>\n<p><span><img decoding=\"async\" alt=\"Mejora Cont\u00ednua\" data-id=\"346\" width=\"669\" data-init-width=\"1000\" height=\"667\" data-init-height=\"667\" title=\"shutterstock_704376580_blank\" loading=\"lazy\" src=\"https:\/\/poka-yoke.com.mx\/wp-content\/uploads\/2023\/03\/shutterstock_704376580_blank.webp\" data-width=\"669\" style=\"aspect-ratio: auto 1000 \/ 667;\"><\/span><\/p>\n<p style=\"text-align: center;\"><span style=\"color: rgb(255, 221, 15); font-size: 47px; --tcb-applied-color: rgb(255, 221, 15)  !important;\">\u201c<\/span>La Mejora Continua es mejor que la perfecci\u00f3n postergada<span style=\"color: rgb(255, 221, 15); font-size: 47px; --tcb-applied-color: rgb(255, 221, 15)  !important;\">\u201d<\/span><\/p>\n<p style=\"text-align: center;\"><span style=\"\">Mark Twain<\/span><\/p>\n<p><span><a href=\"https:\/\/poka-yoke.com.mx\/wp-content\/uploads\/2023\/02\/poka-yoke-logo-hw.svg\"><img decoding=\"async\" alt=\"\" data-id=\"707\" width=\"281\" data-init-width=\"281\" height=\"42.3\" data-init-height=\"42.3\" title=\"poka-yoke-logo-hw\" loading=\"lazy\" src=\"https:\/\/poka-yoke.com.mx\/wp-content\/uploads\/2023\/02\/poka-yoke-logo-hw.svg\" data-width=\"281\" style=\"aspect-ratio: auto 281 \/ 42.3;\" data-link-wrap=\"true\"><\/a><\/span><\/p>\n<h2 style=\"text-align: center;\">\u00bfNo sabes por d\u00f3nde comenzar? nosotros te ayudamos<\/h2>\n<ul>\n<li><span>contacto@poka-yoke.mx<\/span><\/li>\n<\/ul>\n<p><a href=\"https:\/\/www.linkedin.com\/company\/poka-yoke-consultor-a\/\" target=\"_blank\" rel=\"nofollow\" data-id=\"linkedin\"><span style=\"\">                     <\/span><\/a><a href=\"https:\/\/www.instagram.com\/pokayokeconsultoria\/\" target=\"_blank\" rel=\"nofollow\" data-id=\"icon-instagram\"><span>                     <\/span><\/a><\/p>\n","protected":false},"excerpt":{"rendered":"<p>Optimizamos tus procesos: Con una visi\u00f3n humana \u201cAcompa\u00f1ar a nuestros clientes a transformar y mejorar sus formas de trabajo, implementando cambios simples y significativos que ayuden a mejorar su d\u00eda a d\u00eda\u201d. Resolvemos los problemas de tu compa\u00f1\u00eda con planeaci\u00f3n estrat\u00e9gica y de procesos, por medio de soluciones simples y sostenibles. Con experiencia en los [&hellip;]<\/p>\n","protected":false},"author":1,"featured_media":0,"parent":0,"menu_order":0,"comment_status":"closed","ping_status":"closed","template":"","meta":{"footnotes":""},"class_list":["post-364","page","type-page","status-publish","hentry","post-wrapper","thrv_wrapper"],"yoast_head":"<!-- This site is optimized with the Yoast SEO plugin v25.2 - https:\/\/yoast.com\/wordpress\/plugins\/seo\/ -->\n<title>Home - PokaYoke<\/title>\n<meta name=\"robots\" content=\"index, follow, max-snippet:-1, max-image-preview:large, max-video-preview:-1\" \/>\n<link rel=\"canonical\" href=\"https:\/\/poka-yoke.mx\/\" \/>\n<meta property=\"og:locale\" content=\"en_US\" \/>\n<meta property=\"og:type\" content=\"article\" \/>\n<meta property=\"og:title\" content=\"Home - PokaYoke\" \/>\n<meta property=\"og:description\" content=\"Optimizamos tus procesos: Con una visi\u00f3n humana \u201cAcompa\u00f1ar a nuestros clientes a transformar y mejorar sus formas de trabajo, implementando cambios simples y significativos que ayuden a mejorar su d\u00eda a d\u00eda\u201d. Resolvemos los problemas de tu compa\u00f1\u00eda con planeaci\u00f3n estrat\u00e9gica y de procesos, por medio de soluciones simples y sostenibles. Con experiencia en los [&hellip;]\" \/>\n<meta property=\"og:url\" content=\"https:\/\/poka-yoke.mx\/\" \/>\n<meta property=\"og:site_name\" content=\"PokaYoke\" \/>\n<meta property=\"article:modified_time\" content=\"2025-06-04T16:50:36+00:00\" \/>\n<meta property=\"og:image\" content=\"https:\/\/poka-yoke.com.mx\/wp-content\/uploads\/2023\/04\/Poka-Yoke-logo-vertical-blanco-.svg\" \/>\n<meta name=\"twitter:card\" content=\"summary_large_image\" \/>\n<meta name=\"twitter:label1\" content=\"Est. reading time\" \/>\n\t<meta name=\"twitter:data1\" content=\"2 minutes\" \/>\n<script type=\"application\/ld+json\" class=\"yoast-schema-graph\">{\"@context\":\"https:\/\/schema.org\",\"@graph\":[{\"@type\":\"WebPage\",\"@id\":\"https:\/\/poka-yoke.mx\/\",\"url\":\"https:\/\/poka-yoke.mx\/\",\"name\":\"Home - PokaYoke\",\"isPartOf\":{\"@id\":\"https:\/\/poka-yoke.mx\/#website\"},\"primaryImageOfPage\":{\"@id\":\"https:\/\/poka-yoke.mx\/#primaryimage\"},\"image\":{\"@id\":\"https:\/\/poka-yoke.mx\/#primaryimage\"},\"thumbnailUrl\":\"https:\/\/poka-yoke.com.mx\/wp-content\/uploads\/2023\/04\/Poka-Yoke-logo-vertical-blanco-.svg\",\"datePublished\":\"2023-04-12T03:17:11+00:00\",\"dateModified\":\"2025-06-04T16:50:36+00:00\",\"breadcrumb\":{\"@id\":\"https:\/\/poka-yoke.mx\/#breadcrumb\"},\"inLanguage\":\"en-US\",\"potentialAction\":[{\"@type\":\"ReadAction\",\"target\":[\"https:\/\/poka-yoke.mx\/\"]}]},{\"@type\":\"ImageObject\",\"inLanguage\":\"en-US\",\"@id\":\"https:\/\/poka-yoke.mx\/#primaryimage\",\"url\":\"https:\/\/poka-yoke.com.mx\/wp-content\/uploads\/2023\/04\/Poka-Yoke-logo-vertical-blanco-.svg\",\"contentUrl\":\"https:\/\/poka-yoke.com.mx\/wp-content\/uploads\/2023\/04\/Poka-Yoke-logo-vertical-blanco-.svg\"},{\"@type\":\"BreadcrumbList\",\"@id\":\"https:\/\/poka-yoke.mx\/#breadcrumb\",\"itemListElement\":[{\"@type\":\"ListItem\",\"position\":1,\"name\":\"Home\",\"item\":\"https:\/\/poka-yoke.mx\/\"},{\"@type\":\"ListItem\",\"position\":2,\"name\":\"Home\"}]},{\"@type\":\"WebSite\",\"@id\":\"https:\/\/poka-yoke.mx\/#website\",\"url\":\"https:\/\/poka-yoke.mx\/\",\"name\":\"PokaYoke\",\"description\":\"\",\"potentialAction\":[{\"@type\":\"SearchAction\",\"target\":{\"@type\":\"EntryPoint\",\"urlTemplate\":\"https:\/\/poka-yoke.mx\/?s={search_term_string}\"},\"query-input\":{\"@type\":\"PropertyValueSpecification\",\"valueRequired\":true,\"valueName\":\"search_term_string\"}}],\"inLanguage\":\"en-US\"}]}<\/script>\n<!-- \/ Yoast SEO plugin. -->","yoast_head_json":{"title":"Home - PokaYoke","robots":{"index":"index","follow":"follow","max-snippet":"max-snippet:-1","max-image-preview":"max-image-preview:large","max-video-preview":"max-video-preview:-1"},"canonical":"https:\/\/poka-yoke.mx\/","og_locale":"en_US","og_type":"article","og_title":"Home - PokaYoke","og_description":"Optimizamos tus procesos: Con una visi\u00f3n humana \u201cAcompa\u00f1ar a nuestros clientes a transformar y mejorar sus formas de trabajo, implementando cambios simples y significativos que ayuden a mejorar su d\u00eda a d\u00eda\u201d. Resolvemos los problemas de tu compa\u00f1\u00eda con planeaci\u00f3n estrat\u00e9gica y de procesos, por medio de soluciones simples y sostenibles. Con experiencia en los [&hellip;]","og_url":"https:\/\/poka-yoke.mx\/","og_site_name":"PokaYoke","article_modified_time":"2025-06-04T16:50:36+00:00","og_image":[{"url":"https:\/\/poka-yoke.com.mx\/wp-content\/uploads\/2023\/04\/Poka-Yoke-logo-vertical-blanco-.svg","type":"","width":"","height":""}],"twitter_card":"summary_large_image","twitter_misc":{"Est. reading time":"2 minutes"},"schema":{"@context":"https:\/\/schema.org","@graph":[{"@type":"WebPage","@id":"https:\/\/poka-yoke.mx\/","url":"https:\/\/poka-yoke.mx\/","name":"Home - PokaYoke","isPartOf":{"@id":"https:\/\/poka-yoke.mx\/#website"},"primaryImageOfPage":{"@id":"https:\/\/poka-yoke.mx\/#primaryimage"},"image":{"@id":"https:\/\/poka-yoke.mx\/#primaryimage"},"thumbnailUrl":"https:\/\/poka-yoke.com.mx\/wp-content\/uploads\/2023\/04\/Poka-Yoke-logo-vertical-blanco-.svg","datePublished":"2023-04-12T03:17:11+00:00","dateModified":"2025-06-04T16:50:36+00:00","breadcrumb":{"@id":"https:\/\/poka-yoke.mx\/#breadcrumb"},"inLanguage":"en-US","potentialAction":[{"@type":"ReadAction","target":["https:\/\/poka-yoke.mx\/"]}]},{"@type":"ImageObject","inLanguage":"en-US","@id":"https:\/\/poka-yoke.mx\/#primaryimage","url":"https:\/\/poka-yoke.com.mx\/wp-content\/uploads\/2023\/04\/Poka-Yoke-logo-vertical-blanco-.svg","contentUrl":"https:\/\/poka-yoke.com.mx\/wp-content\/uploads\/2023\/04\/Poka-Yoke-logo-vertical-blanco-.svg"},{"@type":"BreadcrumbList","@id":"https:\/\/poka-yoke.mx\/#breadcrumb","itemListElement":[{"@type":"ListItem","position":1,"name":"Home","item":"https:\/\/poka-yoke.mx\/"},{"@type":"ListItem","position":2,"name":"Home"}]},{"@type":"WebSite","@id":"https:\/\/poka-yoke.mx\/#website","url":"https:\/\/poka-yoke.mx\/","name":"PokaYoke","description":"","potentialAction":[{"@type":"SearchAction","target":{"@type":"EntryPoint","urlTemplate":"https:\/\/poka-yoke.mx\/?s={search_term_string}"},"query-input":{"@type":"PropertyValueSpecification","valueRequired":true,"valueName":"search_term_string"}}],"inLanguage":"en-US"}]}},"_links":{"self":[{"href":"https:\/\/poka-yoke.mx\/index.php\/wp-json\/wp\/v2\/pages\/364","targetHints":{"allow":["GET"]}}],"collection":[{"href":"https:\/\/poka-yoke.mx\/index.php\/wp-json\/wp\/v2\/pages"}],"about":[{"href":"https:\/\/poka-yoke.mx\/index.php\/wp-json\/wp\/v2\/types\/page"}],"author":[{"embeddable":true,"href":"https:\/\/poka-yoke.mx\/index.php\/wp-json\/wp\/v2\/users\/1"}],"replies":[{"embeddable":true,"href":"https:\/\/poka-yoke.mx\/index.php\/wp-json\/wp\/v2\/comments?post=364"}],"version-history":[{"count":124,"href":"https:\/\/poka-yoke.mx\/index.php\/wp-json\/wp\/v2\/pages\/364\/revisions"}],"predecessor-version":[{"id":556,"href":"https:\/\/poka-yoke.mx\/index.php\/wp-json\/wp\/v2\/pages\/364\/revisions\/556"}],"wp:attachment":[{"href":"https:\/\/poka-yoke.mx\/index.php\/wp-json\/wp\/v2\/media?parent=364"}],"curies":[{"name":"wp","href":"https:\/\/api.w.org\/{rel}","templated":true}]}}